{"id":87,"date":"2011-06-16T14:53:25","date_gmt":"2011-06-16T14:53:25","guid":{"rendered":"http:\/\/www.verbund-frauenfacheinrichtungen-kiel.de\/?page_id=87"},"modified":"2026-01-16T12:17:27","modified_gmt":"2026-01-16T11:17:27","slug":"herzlich-willkommen","status":"publish","type":"page","link":"https:\/\/www.verbund-frauenfacheinrichtungen-kiel.de\/","title":{"rendered":"Herzlich willkommen&#8230;"},"content":{"rendered":"\n<p class=\"has-text-align-left\"><strong>&#8230; auf der Website des \u201eVerbundes der feministischen<br>M\u00e4dchen- und Frauenfacheinrichtungen\u201c in Kiel.<\/strong><\/p>\n\n\n\n<p>Der \u201eVerbund der feministischen M\u00e4dchen- und Frauenfacheinrichtungen\u201c ist ein Zusammenschluss von Facheinrichtungen in Kiel. Wir arbeiten f\u00fcr M\u00e4dchen und Frauen in den Bereichen der sozialpsychiatrischen Versorgung, der Opferhilfe und Gewaltpr\u00e4vention, der Jugendhilfe, der psychosozialen Beratung, der Unterst\u00fctzung von Migrantinnen, der Stadteilarbeit und im Bereich des Themenspektrums \u201eFrau und Arbeit.\u201c&nbsp; Dabei setzen wir uns parteilich daf\u00fcr ein, dass M\u00e4dchen und Frauen gewaltfrei und selbstbestimmt leben k\u00f6nnen. Wir arbeiten als freie Tr\u00e4ger \u00fcberkonfessionell und \u00fcberparteilich und sind Mitglied im Parit\u00e4tischen Wohlfahrtsverband Schleswig-Holstein.<\/p>\n\n\n\n<p>Neben Krisenintervention, Beratung, Betreuung, Begleitung und Psychotherapie leisten wir Pr\u00e4ventions- und \u00d6ffentlichkeitsarbeit gegen Diskriminierung und Gewalt. Wir setzen uns auf allen relevanten Ebenen f\u00fcr die Geschlechtergerechtigkeit ein und arbeiten daran, die individuellen und gesellschaftlichen Chancen von M\u00e4dchen und Frauen auszubauen und zu verbessern.<\/p>\n\n\n\n<p>Folgende Einrichtungen geh\u00f6ren dem Kieler Verbund an: Frauenberatungsstelle\/E\u00df-O-E\u00df, Frauenhaus\/Frauenhausberatungsstelle \u201eDie Lerche\u201c, Frauennetzwerk zur Arbeitssituation, Frauennotruf Kiel e.V. (Frauenberatungs- und Fachstelle bei sexueller Gewalt, Pr\u00e4ventionsb\u00fcro PETZE), Ihriss \u2013 Treffpunkt und Beratung f\u00fcr Frauen mit und ohne Psychiatrieerfahrung, Lotta e.V.&nbsp; (M\u00e4dchenhaus mit Anlauf- und Beratungsstelle sowie Zufluchtsst\u00e4tte und WG, Teilstation\u00e4re Wohngruppen f\u00fcr Frauen mit Psychotraumatisierungen, Ambulante Betreuung f\u00fcr Frauen mit Psychotraumatisierungen), Psychosoziale Frauenberatungsstelle donna klara e.V., T.I.O.: Treff- und Informationsort f\u00fcr Migrantinnen.<\/p>\n\n\n\n<p><strong>Gesch\u00e4ftsstelle 2026:<\/strong><\/p>\n\n\n\n<p>Frauenberatungsstelle und Ess-o-Ess<br>Ansprechpartnerin: Pamela Zimmermann<br>Kurt-Schumacher-Platz 5<br>24109 Kiel<br>T. 0431\/ 524241<br>F. 0431\/ 526907<\/p>\n\n\n\n<p>E-Mail:mail@ frauenberatung-essoess.de (Leerzeichen entfernen)<\/p>\n\n\n\n<p><strong>Sprecherin des Verbundes:<\/strong><\/p>\n\n\n\n<p>Stefanie Kohlmorgen (Frauennetzwerk zur Arbeitssituation Kiel e.V.) <br><br><\/p>\n","protected":false},"excerpt":{"rendered":"<p>&#8230; auf der Website des \u201eVerbundes der feministischenM\u00e4dchen- und Frauenfacheinrichtungen\u201c in Kiel. Der \u201eVerbund der feministischen M\u00e4dchen- und Frauenfacheinrichtungen\u201c ist ein Zusammenschluss von Facheinrichtungen in Kiel. Wir arbeiten f\u00fcr M\u00e4dchen und Frauen in den Bereichen der sozialpsychiatrischen Versorgung, der Opferhilfe &hellip; <a href=\"https:\/\/www.verbund-frauenfacheinrichtungen-kiel.de\/\">Weiterlesen <span class=\"meta-nav\">&rarr;<\/span><\/a><\/p>\n","protected":false},"author":1,"featured_media":0,"parent":0,"menu_order":0,"comment_status":"closed","ping_status":"closed","template":"","meta":{"footnotes":""},"class_list":["post-87","page","type-page","status-publish","hentry"],"_links":{"self":[{"href":"https:\/\/www.verbund-frauenfacheinrichtungen-kiel.de\/index.php?rest_route=\/wp\/v2\/pages\/87","targetHints":{"allow":["GET"]}}],"collection":[{"href":"https:\/\/www.verbund-frauenfacheinrichtungen-kiel.de\/index.php?rest_route=\/wp\/v2\/pages"}],"about":[{"href":"https:\/\/www.verbund-frauenfacheinrichtungen-kiel.de\/index.php?rest_route=\/wp\/v2\/types\/page"}],"author":[{"embeddable":true,"href":"https:\/\/www.verbund-frauenfacheinrichtungen-kiel.de\/index.php?rest_route=\/wp\/v2\/users\/1"}],"replies":[{"embeddable":true,"href":"https:\/\/www.verbund-frauenfacheinrichtungen-kiel.de\/index.php?rest_route=%2Fwp%2Fv2%2Fcomments&post=87"}],"version-history":[{"count":30,"href":"https:\/\/www.verbund-frauenfacheinrichtungen-kiel.de\/index.php?rest_route=\/wp\/v2\/pages\/87\/revisions"}],"predecessor-version":[{"id":867,"href":"https:\/\/www.verbund-frauenfacheinrichtungen-kiel.de\/index.php?rest_route=\/wp\/v2\/pages\/87\/revisions\/867"}],"wp:attachment":[{"href":"https:\/\/www.verbund-frauenfacheinrichtungen-kiel.de\/index.php?rest_route=%2Fwp%2Fv2%2Fmedia&parent=87"}],"curies":[{"name":"wp","href":"https:\/\/api.w.org\/{rel}","templated":true}]}}