{"id":7,"date":"2011-06-16T13:00:11","date_gmt":"2011-06-16T13:00:11","guid":{"rendered":"http:\/\/www.verbund-frauenfacheinrichtungen-kiel.de\/?page_id=7"},"modified":"2015-06-10T17:57:14","modified_gmt":"2015-06-10T15:57:14","slug":"frauenberatungsstelle-es-o-es","status":"publish","type":"page","link":"https:\/\/www.verbund-frauenfacheinrichtungen-kiel.de\/?page_id=7","title":{"rendered":"Frauenberatungsstelle \/ E\u00df-o-E\u00df"},"content":{"rendered":"<p><a href=\"http:\/\/www.frauenberatungsstelle-kiel.de\" target=\"_blank\"><img loading=\"lazy\" decoding=\"async\" class=\"alignright size-thumbnail wp-image-126\" style=\"border: 0pt none;\" title=\"Frauenberatungsstelle \/ E\u00df-o-E\u00df\" src=\"https:\/\/www.verbund-frauenfacheinrichtungen-kiel.de\/wp-content\/uploads\/2011\/06\/ess-o-ess-150x150.jpg\" alt=\"Frauenberatungsstelle \/ E\u00df-o-E\u00df\" width=\"150\" height=\"150\" \/><\/a>Kurt-Schumacher-Platz 5<br \/>\n24109 Kiel<\/p>\n<p>Tel: 0431 \/ 52 42 41<br \/>\nFax: 0431 \/ 52 69 07<br \/>\nE-Mail: <a title=\"blocked::mailto:mail@frauentreff-essoess.de\" href=\"mailto:mail@frauentreff-essoess.de\">mail@frauentreff-essoess.de<\/a><br \/>\nInternet: <span style=\"text-decoration: underline;\"><a title=\"Frauenberatungsstelle \/ E\u00df-o-E\u00df\" href=\"http:\/\/www.frauenberatungsstelle-kiel.de\/\" target=\"_blank\">www.frauenberatungsstelle-kiel.de<\/a><\/span><\/p>\n<p>&nbsp;<\/p>\n<h3>Frauenberatungsstelle \/ E\u00df-o-E\u00df<\/h3>\n<p>Die Beratungsstelle ist eine psychosoziale Facheinrichtung f\u00fcr Frauen mit einem breiten Beratungs- und Gruppenangebot. Die Angebote sind offen f\u00fcr jede Frau, die Hilfe sucht \u2013 unabh\u00e4ngig von Alter, Nationalit\u00e4t, sozialer oder finanzieller Lage.<\/p>\n<p>Wir beraten und unterst\u00fctzen Frauen in psychischen und sozialen Problem- und Krisensituationen, M\u00fctter und alleinerziehende Frauen in \u00dcberlastungssituationen, von Gewalt oder Isolation betroffene Frauen, Frauen mit \u00c4ngsten, Selbstwert- oder Partnerschaftsproblemen. Als Einrichtung in einem sozialen Brennpunkt Kiels verstehen wir uns ganz besonders auch als Anlaufstelle f\u00fcr Frauen in sehr schwierigen psychosozialen und finanziellen Lebenssituationen.<\/p>\n<p>In unserem Schwerpunktbereich E\u00df-o-E\u00df beraten wir dar\u00fcber hinaus Frauen und M\u00e4dchen mit Essst\u00f6rungen (Bulimie, Magersucht, Esssucht, Binge-Eating, latent gest\u00f6rtem Essverhalten). Auch Angeh\u00f6rige sowie private und professionelle Unterst\u00fctzerinnen (z.B. Freundinnen, LehrerInnen) k\u00f6nnen sich an uns wenden.<\/p>\n<h3>Angebote<\/h3>\n<ul>\n<li>Psychosoziale Einzelberatung \/ therapeutische Unterst\u00fctzung<\/li>\n<li>Pro-aktive Beratung und Hilfe bei h\u00e4uslicher Gewalt<\/li>\n<li>Beratung und Information am Telefon<\/li>\n<li>Beratung nach dem Schwangeren- und Familienhilfegesetz (\u00a7 219)<\/li>\n<li>Unterst\u00fctzung nach \u00a7 16 SGB II<\/li>\n<li>Offene Treffpunkte, Gruppen, Selbsthilfegruppen<\/li>\n<li>Unterst\u00fctzung von Migrantinnen<\/li>\n<\/ul>\n<h3>Besondere Angebote (Bereich E\u00df-o-E\u00df)<\/h3>\n<ul>\n<li>Beratung f\u00fcr Frauen und M\u00e4dchen mit Essst\u00f6rungen<\/li>\n<li>Information und Unterst\u00fctzung von Angeh\u00f6rigen und Unterst\u00fctzerInnen<\/li>\n<li>Angeleitete Gruppen f\u00fcr Betroffene<\/li>\n<li>Aufbau und Unterst\u00fctzung von Selbsthilfegruppen<\/li>\n<li>Themenbezogene Seminare<\/li>\n<li>\u00d6ffentlichkeits- und Informationsarbeit, Vortr\u00e4ge<\/li>\n<li>Pr\u00e4ventionsveranstaltungen \/ Projektunterricht \/-tage in weiterf\u00fchrenden Schulen (in Kooperation mit der Techniker Krankenkasse)<\/li>\n<\/ul>\n<p>Die Frauenberatungsstelle ist anerkannte Beratungsstelle nach \u00a7 201a LvwG (Gewaltschutzgesetz und polizeiliche Wegweisung) und anerkannte Schwangeren-Konfliktberatungsstelle (Ausstellung von Beratungsbescheinigungen).<\/p>\n<p>Tr\u00e4ger der Einrichtung ist der gemeinn\u00fctzige, konfessionell und parteipolitisch unabh\u00e4ngige Verein \u201eFrauentreff \u2013\u00a0 Beratung, Treffpunkt und Information f\u00fcr Frauen e.V.\u201c<\/p>\n<p>Der Verein ist Mitglied Parit\u00e4tischen Wohlfahrtsverband Schleswig-Holstein und im Bundesfachverband Essst\u00f6rungen.<\/p>\n<p>&nbsp;<\/p>\n","protected":false},"excerpt":{"rendered":"<p>Kurt-Schumacher-Platz 5 24109 Kiel Tel: 0431 \/ 52 42 41 Fax: 0431 \/ 52 69 07 E-Mail: mail@frauentreff-essoess.de Internet: www.frauenberatungsstelle-kiel.de &nbsp; Frauenberatungsstelle \/ E\u00df-o-E\u00df Die Beratungsstelle ist eine psychosoziale Facheinrichtung f\u00fcr Frauen mit einem breiten Beratungs- und Gruppenangebot. Die Angebote &hellip; <a href=\"https:\/\/www.verbund-frauenfacheinrichtungen-kiel.de\/?page_id=7\">Weiterlesen <span class=\"meta-nav\">&rarr;<\/span><\/a><\/p>\n","protected":false},"author":1,"featured_media":0,"parent":2,"menu_order":1,"comment_status":"closed","ping_status":"closed","template":"","meta":{"footnotes":""},"class_list":["post-7","page","type-page","status-publish","hentry"],"_links":{"self":[{"href":"https:\/\/www.verbund-frauenfacheinrichtungen-kiel.de\/index.php?rest_route=\/wp\/v2\/pages\/7","targetHints":{"allow":["GET"]}}],"collection":[{"href":"https:\/\/www.verbund-frauenfacheinrichtungen-kiel.de\/index.php?rest_route=\/wp\/v2\/pages"}],"about":[{"href":"https:\/\/www.verbund-frauenfacheinrichtungen-kiel.de\/index.php?rest_route=\/wp\/v2\/types\/page"}],"author":[{"embeddable":true,"href":"https:\/\/www.verbund-frauenfacheinrichtungen-kiel.de\/index.php?rest_route=\/wp\/v2\/users\/1"}],"replies":[{"embeddable":true,"href":"https:\/\/www.verbund-frauenfacheinrichtungen-kiel.de\/index.php?rest_route=%2Fwp%2Fv2%2Fcomments&post=7"}],"version-history":[{"count":19,"href":"https:\/\/www.verbund-frauenfacheinrichtungen-kiel.de\/index.php?rest_route=\/wp\/v2\/pages\/7\/revisions"}],"predecessor-version":[{"id":479,"href":"https:\/\/www.verbund-frauenfacheinrichtungen-kiel.de\/index.php?rest_route=\/wp\/v2\/pages\/7\/revisions\/479"}],"up":[{"embeddable":true,"href":"https:\/\/www.verbund-frauenfacheinrichtungen-kiel.de\/index.php?rest_route=\/wp\/v2\/pages\/2"}],"wp:attachment":[{"href":"https:\/\/www.verbund-frauenfacheinrichtungen-kiel.de\/index.php?rest_route=%2Fwp%2Fv2%2Fmedia&parent=7"}],"curies":[{"name":"wp","href":"https:\/\/api.w.org\/{rel}","templated":true}]}}