{"id":469,"date":"2015-06-10T17:07:00","date_gmt":"2015-06-10T15:07:00","guid":{"rendered":"http:\/\/www.verbund-frauenfacheinrichtungen-kiel.de\/?page_id=469"},"modified":"2022-04-22T15:05:12","modified_gmt":"2022-04-22T13:05:12","slug":"lotta-e-v-ambulante-betreuung-fuer-frauen-mit-psychotraumatisierungen","status":"publish","type":"page","link":"https:\/\/www.verbund-frauenfacheinrichtungen-kiel.de\/?page_id=469","title":{"rendered":"Lotta e. V. &#8211; Ambulant qualifizierte Assistenz f\u00fcr Frauen* mit Psychotraumatisierungen"},"content":{"rendered":"\n<div class=\"wp-block-image\"><figure class=\"alignright size-large is-resized\"><img loading=\"lazy\" decoding=\"async\" src=\"https:\/\/www.verbund-frauenfacheinrichtungen-kiel.de\/wp-content\/uploads\/2022\/04\/Logo-Lotta-amb-neu-635x1024.jpg\" alt=\"\" class=\"wp-image-776\" width=\"159\" height=\"256\" srcset=\"https:\/\/www.verbund-frauenfacheinrichtungen-kiel.de\/wp-content\/uploads\/2022\/04\/Logo-Lotta-amb-neu-635x1024.jpg 635w, https:\/\/www.verbund-frauenfacheinrichtungen-kiel.de\/wp-content\/uploads\/2022\/04\/Logo-Lotta-amb-neu-186x300.jpg 186w, https:\/\/www.verbund-frauenfacheinrichtungen-kiel.de\/wp-content\/uploads\/2022\/04\/Logo-Lotta-amb-neu-768x1239.jpg 768w, https:\/\/www.verbund-frauenfacheinrichtungen-kiel.de\/wp-content\/uploads\/2022\/04\/Logo-Lotta-amb-neu-952x1536.jpg 952w, https:\/\/www.verbund-frauenfacheinrichtungen-kiel.de\/wp-content\/uploads\/2022\/04\/Logo-Lotta-amb-neu.jpg 1240w\" sizes=\"auto, (max-width: 159px) 100vw, 159px\" \/><\/figure><\/div>\n\n\n\n<p>Schauenburgerstr. 48<br>24105 Kiel<\/p>\n\n\n\n<p>24105 Kiel<br>Tel.: 0431-570 93 93<br>Fax: 0431-533 21 69<br>lotta-ambulant@web.de<br><a href=\"https:\/\/www.psychotrauma-kiel.de\/ambulante-betreuung\/\" target=\"_blank\" rel=\"noopener\">www.psychotrauma-kiel.de\/ambulante-betreuung<\/a><\/p>\n\n\n\n<h3 class=\"wp-block-heading\">Angebot<\/h3>\n\n\n\n<p>Die Ambulant qualifizierte Assistenz ist ein Angebot, das sich an vollj\u00e4hrige Frauen* richtet, die in ihrer eigenen Wohnung leben und aufgrund traumatisierender Erfahrungen Hilfe und Unterst\u00fctzung ben\u00f6tigen.<br>Diese k\u00f6nnen sein:<\/p>\n\n\n\n<ul class=\"wp-block-list\"><li>k\u00f6rperliche, seelische und \/ oder sexualisierte Gewalt;<\/li><li>fr\u00fchkindliche Vernachl\u00e4ssigung;<\/li><li>rituelle Gewalt und organisierte Kriminalit\u00e4t<\/li><\/ul>\n\n\n\n<p>Ein gewisses Ma\u00df an Selbst\u00e4ndigkeit und Eigenverantwortung ist eine Voraussetzung.<br>Die ambulante Betreuung umfasst in der Regel einen bis drei Kontakte pro Woche.<br>Dieses Angebot richtet sich auch an Frauen*, die mit ihren Kindern zusammen leben.<\/p>\n\n\n\n<h3 class=\"wp-block-heading\">Arbeitsweise:<\/h3>\n\n\n\n<ul class=\"wp-block-list\"><li>Frauen*spezifisch, parteilich-feministisch<\/li><li>Betreuung durch feste Bezugsbetreuerinnen<\/li><li>Regelm\u00e4\u00dfige Einzelgespr\u00e4che<\/li><li>Begleitung bei Beh\u00f6rdeng\u00e4ngen, Arztbesuchen etc.<\/li><\/ul>\n\n\n\n<h3 class=\"wp-block-heading\">Ziele:<\/h3>\n\n\n\n<ul class=\"wp-block-list\"><li>St\u00e4rkung und Verwirklichung eigener Kompetenzen und Ressourcen<\/li><li>F\u00f6rderung der sozialen Kompetenz durch St\u00e4rkung der Kontakt- und<br>Beziehungsf\u00e4higkeit<\/li><li>Aufbau eines st\u00fctzenden sozialen Netzwerks<\/li><li>Selbstf\u00fcrsorge<\/li><li>Unterst\u00fctzung bei der Aufnahme einer Ausbildung oder Arbeit<\/li><li>Unterst\u00fctzung bei der Existenzsicherung<\/li><li>Alltagsstruktur und Alltagsbew\u00e4ltigung<\/li><\/ul>\n","protected":false},"excerpt":{"rendered":"<p>Schauenburgerstr. 4824105 Kiel 24105 KielTel.: 0431-570 93 93Fax: 0431-533 21 69lotta-ambulant@web.dewww.psychotrauma-kiel.de\/ambulante-betreuung Angebot Die Ambulant qualifizierte Assistenz ist ein Angebot, das sich an vollj\u00e4hrige Frauen* richtet, die in ihrer eigenen Wohnung leben und aufgrund traumatisierender Erfahrungen Hilfe und Unterst\u00fctzung ben\u00f6tigen.Diese k\u00f6nnen &hellip; <a href=\"https:\/\/www.verbund-frauenfacheinrichtungen-kiel.de\/?page_id=469\">Weiterlesen <span class=\"meta-nav\">&rarr;<\/span><\/a><\/p>\n","protected":false},"author":1,"featured_media":0,"parent":2,"menu_order":0,"comment_status":"closed","ping_status":"closed","template":"","meta":{"footnotes":""},"class_list":["post-469","page","type-page","status-publish","hentry"],"_links":{"self":[{"href":"https:\/\/www.verbund-frauenfacheinrichtungen-kiel.de\/index.php?rest_route=\/wp\/v2\/pages\/469","targetHints":{"allow":["GET"]}}],"collection":[{"href":"https:\/\/www.verbund-frauenfacheinrichtungen-kiel.de\/index.php?rest_route=\/wp\/v2\/pages"}],"about":[{"href":"https:\/\/www.verbund-frauenfacheinrichtungen-kiel.de\/index.php?rest_route=\/wp\/v2\/types\/page"}],"author":[{"embeddable":true,"href":"https:\/\/www.verbund-frauenfacheinrichtungen-kiel.de\/index.php?rest_route=\/wp\/v2\/users\/1"}],"replies":[{"embeddable":true,"href":"https:\/\/www.verbund-frauenfacheinrichtungen-kiel.de\/index.php?rest_route=%2Fwp%2Fv2%2Fcomments&post=469"}],"version-history":[{"count":7,"href":"https:\/\/www.verbund-frauenfacheinrichtungen-kiel.de\/index.php?rest_route=\/wp\/v2\/pages\/469\/revisions"}],"predecessor-version":[{"id":777,"href":"https:\/\/www.verbund-frauenfacheinrichtungen-kiel.de\/index.php?rest_route=\/wp\/v2\/pages\/469\/revisions\/777"}],"up":[{"embeddable":true,"href":"https:\/\/www.verbund-frauenfacheinrichtungen-kiel.de\/index.php?rest_route=\/wp\/v2\/pages\/2"}],"wp:attachment":[{"href":"https:\/\/www.verbund-frauenfacheinrichtungen-kiel.de\/index.php?rest_route=%2Fwp%2Fv2%2Fmedia&parent=469"}],"curies":[{"name":"wp","href":"https:\/\/api.w.org\/{rel}","templated":true}]}}