{"id":433,"date":"2015-06-09T17:40:34","date_gmt":"2015-06-09T15:40:34","guid":{"rendered":"http:\/\/www.verbund-frauenfacheinrichtungen-kiel.de\/?page_id=433"},"modified":"2022-04-22T15:06:21","modified_gmt":"2022-04-22T13:06:21","slug":"lotta-e-v-therapeutische-wohngruppen-fuer-frauen-mit-psychotraumatisierungen","status":"publish","type":"page","link":"https:\/\/www.verbund-frauenfacheinrichtungen-kiel.de\/?page_id=433","title":{"rendered":"Lotta e.V. &#8211; Wohngruppen f\u00fcr Frauen* mit Psychotraumatisierungen"},"content":{"rendered":"\n<div class=\"wp-block-image\"><figure class=\"alignright size-large is-resized\"><a href=\"https:\/\/www.verbund-frauenfacheinrichtungen-kiel.de\/wp-content\/uploads\/2022\/04\/Logo-Lotta-WGs-neu.jpg\"><img loading=\"lazy\" decoding=\"async\" src=\"https:\/\/www.verbund-frauenfacheinrichtungen-kiel.de\/wp-content\/uploads\/2022\/04\/Logo-Lotta-WGs-neu-668x1024.jpg\" alt=\"\" class=\"wp-image-778\" width=\"167\" height=\"256\" srcset=\"https:\/\/www.verbund-frauenfacheinrichtungen-kiel.de\/wp-content\/uploads\/2022\/04\/Logo-Lotta-WGs-neu-668x1024.jpg 668w, https:\/\/www.verbund-frauenfacheinrichtungen-kiel.de\/wp-content\/uploads\/2022\/04\/Logo-Lotta-WGs-neu-196x300.jpg 196w, https:\/\/www.verbund-frauenfacheinrichtungen-kiel.de\/wp-content\/uploads\/2022\/04\/Logo-Lotta-WGs-neu-768x1177.jpg 768w, https:\/\/www.verbund-frauenfacheinrichtungen-kiel.de\/wp-content\/uploads\/2022\/04\/Logo-Lotta-WGs-neu-1002x1536.jpg 1002w, https:\/\/www.verbund-frauenfacheinrichtungen-kiel.de\/wp-content\/uploads\/2022\/04\/Logo-Lotta-WGs-neu.jpg 1240w\" sizes=\"auto, (max-width: 167px) 100vw, 167px\" \/><\/a><\/figure><\/div>\n\n\n\n<p>Sophienblatt 42 a<br>24103 Kiel<\/p>\n\n\n\n<p>Tel.: 0431-62008<br>Fax: 0431-62009<br>E-Mail: info@frauenwohngruppen.de<br>Homepage: <a href=\"https:\/\/www.psychotrauma-kiel.de\/therapeutische-wohngruppen\/\" target=\"_blank\" rel=\"noopener\">www.psychotrauma-kiel.de<\/a><\/p>\n\n\n\n<p>Die Wohngruppen sind ein Angebot f\u00fcr vollj\u00e4hrige Frauen*, die in ihrer Kindheit oder im Laufe ihres Lebens sexualisierte, k\u00f6rperliche, rituelle oder emotionale Gewalt erlebt haben und\/oder fr\u00fchkindlicher Vernachl\u00e4ssigung ausgeliefert waren.<br>Das Betreuungsangebot richtet sich an Frauen*, die an den vielf\u00e4ltigen Folgen dieser Gewalterfahrungen leiden und nun mit fachlicher Unterst\u00fctzung ihren Weg in ein selbstbestimmtes Leben gestalten m\u00f6chten.<\/p>\n\n\n\n<h3 class=\"wp-block-heading\">Unser Angebot:<\/h3>\n\n\n\n<ul class=\"wp-block-list\"><li>Betreuungszeit tags\u00fcber von Montag bis Freitag<\/li><li>Bezugsbetreuungssystem<\/li><li>Regelm\u00e4\u00dfige Einzelgespr\u00e4che<\/li><li>Wohngruppengespr\u00e4che<\/li><li>Gemeinsame Freizeitveranstaltungen<\/li><li>Krisenintervention<\/li><li>Regelm\u00e4\u00dfige Morgenrunde<\/li><li>Aufenthalt in den Gruppenr\u00e4umen mit Hintergrundbetreuung<\/li><\/ul>\n\n\n\n<p>Unsere Arbeitsweise ist frauen*spezifisch, parteilich-feministisch, wertsch\u00e4tzend und respektvoll. Wir begreifen sogenannte Diagnosen und St\u00f6rungsbilder als \u00dcberlebensstrukturen.<\/p>\n\n\n\n<h3 class=\"wp-block-heading\">Ziele der Betreuung sind:<\/h3>\n\n\n\n<ul class=\"wp-block-list\"><li>Psychische Stabilisierung<\/li><li>St\u00e4rkung eigener Kompetenzen und Ressourcen<\/li><li>Sicherheit in den \u00e4u\u00dferen Lebensbedingungen und Beziehungen<\/li><li>F\u00f6rderung der sozialen Kompetenz durch St\u00e4rkung der Kontakt- und Beziehungsf\u00e4higkeit<\/li><li>Aufbau eines st\u00fctzenden sozialen Netzwerkes<\/li><li>Selbstf\u00fcrsorge: Sorge um die eigene k\u00f6rperliche und psychische Gesundheit<\/li><li>Verzicht auf selbstsch\u00e4digendes Verhalten durch Erwerb von ad\u00e4quaten<br>Verhaltensmustern<\/li><li>Sinnvolle Alltagsbew\u00e4ltigung und Alltagsstruktur<\/li><li>Ein eigener Lebensentwurf<\/li><li>Unterst\u00fctzung bei der Aufnahme und Durchf\u00fchrung einer Ausbildung, eines Berufes oder einer entsprechenden T\u00e4tigkeit<\/li><\/ul>\n\n\n\n<p><strong>Der Weg zu uns<\/strong> f\u00fchrt \u00fcber ein pers\u00f6nliches Infogespr\u00e4ch.<\/p>\n\n\n\n<p><strong>Die Ma\u00dfnahme wird finanziert<\/strong> \u00fcber die Eingliederungshilfe \/Sozialhilfetr\u00e4ger<br>nach SGB XII \u00a7 53 i.V. mit SGB IX \u00a7 55<\/p>\n\n\n\n<p><strong>Der Verein ist Mitglied<\/strong> im Der Parit\u00e4tische Schleswig-Holstein<\/p>\n","protected":false},"excerpt":{"rendered":"<p>Sophienblatt 42 a24103 Kiel Tel.: 0431-62008Fax: 0431-62009E-Mail: info@frauenwohngruppen.deHomepage: www.psychotrauma-kiel.de Die Wohngruppen sind ein Angebot f\u00fcr vollj\u00e4hrige Frauen*, die in ihrer Kindheit oder im Laufe ihres Lebens sexualisierte, k\u00f6rperliche, rituelle oder emotionale Gewalt erlebt haben und\/oder fr\u00fchkindlicher Vernachl\u00e4ssigung ausgeliefert waren.Das Betreuungsangebot &hellip; <a href=\"https:\/\/www.verbund-frauenfacheinrichtungen-kiel.de\/?page_id=433\">Weiterlesen <span class=\"meta-nav\">&rarr;<\/span><\/a><\/p>\n","protected":false},"author":1,"featured_media":0,"parent":2,"menu_order":0,"comment_status":"closed","ping_status":"closed","template":"","meta":{"footnotes":""},"class_list":["post-433","page","type-page","status-publish","hentry"],"_links":{"self":[{"href":"https:\/\/www.verbund-frauenfacheinrichtungen-kiel.de\/index.php?rest_route=\/wp\/v2\/pages\/433","targetHints":{"allow":["GET"]}}],"collection":[{"href":"https:\/\/www.verbund-frauenfacheinrichtungen-kiel.de\/index.php?rest_route=\/wp\/v2\/pages"}],"about":[{"href":"https:\/\/www.verbund-frauenfacheinrichtungen-kiel.de\/index.php?rest_route=\/wp\/v2\/types\/page"}],"author":[{"embeddable":true,"href":"https:\/\/www.verbund-frauenfacheinrichtungen-kiel.de\/index.php?rest_route=\/wp\/v2\/users\/1"}],"replies":[{"embeddable":true,"href":"https:\/\/www.verbund-frauenfacheinrichtungen-kiel.de\/index.php?rest_route=%2Fwp%2Fv2%2Fcomments&post=433"}],"version-history":[{"count":13,"href":"https:\/\/www.verbund-frauenfacheinrichtungen-kiel.de\/index.php?rest_route=\/wp\/v2\/pages\/433\/revisions"}],"predecessor-version":[{"id":779,"href":"https:\/\/www.verbund-frauenfacheinrichtungen-kiel.de\/index.php?rest_route=\/wp\/v2\/pages\/433\/revisions\/779"}],"up":[{"embeddable":true,"href":"https:\/\/www.verbund-frauenfacheinrichtungen-kiel.de\/index.php?rest_route=\/wp\/v2\/pages\/2"}],"wp:attachment":[{"href":"https:\/\/www.verbund-frauenfacheinrichtungen-kiel.de\/index.php?rest_route=%2Fwp%2Fv2%2Fmedia&parent=433"}],"curies":[{"name":"wp","href":"https:\/\/api.w.org\/{rel}","templated":true}]}}