{"id":30,"date":"2011-06-16T13:32:27","date_gmt":"2011-06-16T13:32:27","guid":{"rendered":"http:\/\/www.verbund-frauenfacheinrichtungen-kiel.de\/?page_id=30"},"modified":"2012-12-19T14:13:29","modified_gmt":"2012-12-19T14:13:29","slug":"ihriss-treff-fur-psychiatrieerfahrene-frauen","status":"publish","type":"page","link":"https:\/\/www.verbund-frauenfacheinrichtungen-kiel.de\/?page_id=30","title":{"rendered":"Ihriss &#8211; Treffpunkt und Beratung f\u00fcr Frauen mit und ohne Psychiatrieerfahrung"},"content":{"rendered":"<p align=\"left\"><a href=\"https:\/\/www.verbund-frauenfacheinrichtungen-kiel.de\/wp-content\/uploads\/2011\/06\/ihrisslogo.jpg\" target=\"_blank\"><img loading=\"lazy\" decoding=\"async\" class=\"alignright size-full wp-image-151\" title=\"Ihriss - Treffpunkt und Beratung f\u00fcr Frauen mit und ohne Psychiatrieerfahrung\" src=\"https:\/\/www.verbund-frauenfacheinrichtungen-kiel.de\/wp-content\/uploads\/2011\/06\/ihrisslogo.jpg\" alt=\"Ihriss - Treffpunkt und Beratung f\u00fcr Frauen mit und ohne Psychiatrieerfahrung\" width=\"189\" height=\"160\" \/><\/a>Je\u00dfstra\u00dfe 3<br \/>\n24114 Kiel<br \/>\nTel.:\u00a00431\/63697<br \/>\nFax:\u00a00431\/6614835<br \/>\nInternet: <a title=\"Ihriss - Treffpunkt und Beratung f\u00fcr Frauen mit und ohne Psychiatrieerfahrung\" href=\"http:\/\/www.ihriss.de\/\" target=\"_blank\">www.ihriss.de\/<\/a><br \/>\nE-Mail: <a href=\"mailto:%20frauenberatung@ihriss.de\" target=\"_self\">frauenberatung@ihriss.de<\/a><\/p>\n<p>Ihriss ist ein Ort f\u00fcr Frauen, die von psychiatrischer Erkrankung bedroht oder betroffen sind. Interessierte Frauen erhalten in unseren R\u00e4umen die M\u00f6glichkeit, in kleiner, vertrauensvoller Runde und in Anwesenheit einer Mitarbeiterin mit anderen Frauen in Kontakt zu kommen und sich auszutauschen.<\/p>\n<h3>Informations- und Beratungsangebote<\/h3>\n<ul>\n<li>Telefonzeiten: Mo 10.00-11.00 Uhr, Fr 12.00-13.00 Uhr<\/li>\n<li>psychosoziale Einzelberatung pers\u00f6nlich oder telefonisch<\/li>\n<li>Beratung in sozialrechtlichen Fragen<\/li>\n<li>Informationen \u00fcber Therapie- und Klinikangebote<\/li>\n<li>Beratung f\u00fcr Angeh\u00f6rige<\/li>\n<\/ul>\n<h3>Weitere Angebote<\/h3>\n<ul>\n<li>Betreuter, offener Treffpunkt:<br \/>\nMo 14.00-16.00 Uhr, Mi 16.00-18.00 Uhr, Fr 9.30-11.30 Uhr<\/li>\n<li>Gruppenangebote:<br \/>\n&#8222;Frauen ab 50\u201c, &#8222;Gespr\u00e4chsgruppe f\u00fcr psychoseerfahrene Frauen\u201c, &#8222;Selbstf\u00fcrsorgegruppe\u201c, &#8222;Kreativ im Jahreslauf\u201c, &#8222;Workshop Malen\u201c<\/li>\n<li>Freizeitangebote<\/li>\n<li>Festtagsangebote (Weihnachten, Silvester, Ostern)<\/li>\n<li>Ambulant betreutes Wohnen f\u00fcr Frauen mit psychischen Schwierigkeiten<\/li>\n<li>Selbsthilfegruppen, die unserer Zielgruppe entsprechen, k\u00f6nnen sich in unseren R\u00e4umen treffen<\/li>\n<\/ul>\n<p>Die Angebote der Beratungsstelle sind bei Bedarf kostenlos und anonym nutzbar.<\/p>\n<h3>Ihriss ist Mitglied im<\/h3>\n<ul>\n<li>Parit\u00e4tischen Wohlfahrtsverband Schleswig-Holstein<\/li>\n<\/ul>\n<p>&nbsp;<\/p>\n<p>&nbsp;<\/p>\n<p>&nbsp;<\/p>\n","protected":false},"excerpt":{"rendered":"<p>Je\u00dfstra\u00dfe 3 24114 Kiel Tel.:\u00a00431\/63697 Fax:\u00a00431\/6614835 Internet: www.ihriss.de\/ E-Mail: frauenberatung@ihriss.de Ihriss ist ein Ort f\u00fcr Frauen, die von psychiatrischer Erkrankung bedroht oder betroffen sind. Interessierte Frauen erhalten in unseren R\u00e4umen die M\u00f6glichkeit, in kleiner, vertrauensvoller Runde und in Anwesenheit einer &hellip; <a href=\"https:\/\/www.verbund-frauenfacheinrichtungen-kiel.de\/?page_id=30\">Weiterlesen <span class=\"meta-nav\">&rarr;<\/span><\/a><\/p>\n","protected":false},"author":1,"featured_media":0,"parent":2,"menu_order":7,"comment_status":"closed","ping_status":"closed","template":"","meta":{"footnotes":""},"class_list":["post-30","page","type-page","status-publish","hentry"],"_links":{"self":[{"href":"https:\/\/www.verbund-frauenfacheinrichtungen-kiel.de\/index.php?rest_route=\/wp\/v2\/pages\/30","targetHints":{"allow":["GET"]}}],"collection":[{"href":"https:\/\/www.verbund-frauenfacheinrichtungen-kiel.de\/index.php?rest_route=\/wp\/v2\/pages"}],"about":[{"href":"https:\/\/www.verbund-frauenfacheinrichtungen-kiel.de\/index.php?rest_route=\/wp\/v2\/types\/page"}],"author":[{"embeddable":true,"href":"https:\/\/www.verbund-frauenfacheinrichtungen-kiel.de\/index.php?rest_route=\/wp\/v2\/users\/1"}],"replies":[{"embeddable":true,"href":"https:\/\/www.verbund-frauenfacheinrichtungen-kiel.de\/index.php?rest_route=%2Fwp%2Fv2%2Fcomments&post=30"}],"version-history":[{"count":13,"href":"https:\/\/www.verbund-frauenfacheinrichtungen-kiel.de\/index.php?rest_route=\/wp\/v2\/pages\/30\/revisions"}],"predecessor-version":[{"id":319,"href":"https:\/\/www.verbund-frauenfacheinrichtungen-kiel.de\/index.php?rest_route=\/wp\/v2\/pages\/30\/revisions\/319"}],"up":[{"embeddable":true,"href":"https:\/\/www.verbund-frauenfacheinrichtungen-kiel.de\/index.php?rest_route=\/wp\/v2\/pages\/2"}],"wp:attachment":[{"href":"https:\/\/www.verbund-frauenfacheinrichtungen-kiel.de\/index.php?rest_route=%2Fwp%2Fv2%2Fmedia&parent=30"}],"curies":[{"name":"wp","href":"https:\/\/api.w.org\/{rel}","templated":true}]}}