{"id":22,"date":"2011-06-16T13:15:54","date_gmt":"2011-06-16T13:15:54","guid":{"rendered":"http:\/\/www.verbund-frauenfacheinrichtungen-kiel.de\/?page_id=22"},"modified":"2011-09-09T16:43:14","modified_gmt":"2011-09-09T16:43:14","slug":"frauenberatungs-und-fachstelle-bei-sexueller-gewalt","status":"publish","type":"page","link":"https:\/\/www.verbund-frauenfacheinrichtungen-kiel.de\/?page_id=22","title":{"rendered":"Frauenberatungs- und Fachstelle bei sexueller Gewalt. Frauennotruf Kiel e.V."},"content":{"rendered":"<p><a href=\"http:\/\/www.frauennotruf-kiel.de\/\" target=\"_blank\"><img loading=\"lazy\" decoding=\"async\" class=\"alignright size-medium wp-image-74\" style=\"border: 0pt none;\" title=\"Frauenberatungs- und Fachstelle bei sexueller Gewalt. Frauennotruf Kiel e.V.\" src=\"https:\/\/www.verbund-frauenfacheinrichtungen-kiel.de\/wp-content\/uploads\/2011\/06\/Notruf-Logo_Fachstelle-Kiel-300x204.jpg\" alt=\"Frauenberatungs- und Fachstelle bei sexueller Gewalt. Frauennotruf Kiel e.V.\" width=\"210\" height=\"143\" srcset=\"https:\/\/www.verbund-frauenfacheinrichtungen-kiel.de\/wp-content\/uploads\/2011\/06\/Notruf-Logo_Fachstelle-Kiel-300x204.jpg 300w, https:\/\/www.verbund-frauenfacheinrichtungen-kiel.de\/wp-content\/uploads\/2011\/06\/Notruf-Logo_Fachstelle-Kiel.jpg 996w\" sizes=\"auto, (max-width: 210px) 100vw, 210px\" \/><\/a>D\u00e4nische Str. 3-5<br \/>\n24103 Kiel<br \/>\nTel.: 0431 \/ 9 11 44<br \/>\nFax: 0431 \/ 9 19 25<br \/>\nE-Mail: <a href=\"mailto:Frauennotruf.Kiel@t-online.de\">Frauennotruf.Kiel@t-online.de<\/a><br \/>\nInternet: <a title=\"Frauenberatungs- und Fachstelle bei sexueller Gewalt. Frauennotruf Kiel e.V.\" href=\"http:\/\/www.frauennotruf-kiel.de\/\" target=\"_blank\">www.frauennotruf-kiel.de<\/a><\/p>\n<p>&nbsp;<\/p>\n<p>Das Angebot der Frauenberatungs- und Fachstelle bei sexueller Gewalt in Kiel und im Kreis Pl\u00f6n richtet sich an Frauen, die sexuelle Gewalt im Erwachsenenalter oder in der Kindheit erfahren haben. Das Beratungsangebot gilt ebenfalls f\u00fcr Angeh\u00f6rige und professionelle Unterst\u00fctzerInnen. Es ist kostenlos und vertraulich, und eine Beratung kann auf Wunsch anonym durchgef\u00fchrt werden.<\/p>\n<h3>Beratungsthemen:<\/h3>\n<ul>\n<li>Sexuelle Gewalt in der Kindheit<\/li>\n<li>Vergewaltigung<\/li>\n<li>Sexuelle Bel\u00e4stigung (z.B. am Arbeitsplatz oder im Alltag)<\/li>\n<li>Sex. Gewalt in Abh\u00e4ngigkeitsbeziehungen (z.B. durch \u00c4rzte, Psychotherapeuten, Physiotherapeuten, Erzieher etc.) und in Institutionen<\/li>\n<li>H\u00e4usliche Gewalt (im Kreis Pl\u00f6n)<\/li>\n<li>Rituelle Gewalt<\/li>\n<li>Kriegsvergewaltigung<\/li>\n<\/ul>\n<h3>Informations- und Beratungsangebote:<\/h3>\n<ul>\n<li>Krisenintervention<\/li>\n<li>Telefonische Beratung und Email-Beratung<\/li>\n<li>Pers\u00f6nliche Beratung und Psychotherapie<\/li>\n<li>Unterst\u00fctzung bei der Suche nach TherapeutInnen, \u00c4rztInnen, Kliniken oder<br \/>\nRechtsanw\u00e4ltInnen<\/li>\n<li>Psychosoziale Begleitung im Strafverfahren<\/li>\n<li>Begleitung zu \u00c4mtern, \u00c4rztInnen etc.<\/li>\n<li>Fachberatung und Fortbildungen<\/li>\n<li>Gruppenangebote<\/li>\n<\/ul>\n<h3>Weitere Angebote:<\/h3>\n<p>F\u00fcr Institutionen, Schulen oder professionelle Einzelpersonen bietet die PETZE des Frauennotrufs<\/p>\n<ul>\n<li>Fortbildungen und Fachsupervision<\/li>\n<li>Informationsmaterialien und Fachbibliothek<\/li>\n<li>Pr\u00e4ventions- und \u00d6ffentlichkeitsarbeit<\/li>\n<li>Schulische Pr\u00e4vention von sex. Missbrauch an M\u00e4dchen und Jungen<\/li>\n<\/ul>\n<p>Die Beratungsstelle im Kreis Pl\u00f6n ist anerkannte Beratungsstelle nach \u00a7 201a LvwG (Gewaltschutzgesetz und polizeiliche Wegweisung).<br \/>\nDie R\u00e4umlichkeiten in Kiel sind barrierefrei.<\/p>\n<p>&nbsp;<\/p>\n<p><a href=\"http:\/\/www.petze-kiel.de\" target=\"_blank\"><img loading=\"lazy\" decoding=\"async\" class=\"alignright size-full wp-image-174\" title=\"Pr\u00e4ventionsb\u00fcro Petze\" src=\"https:\/\/www.verbund-frauenfacheinrichtungen-kiel.de\/wp-content\/uploads\/2011\/06\/logo4.jpg\" alt=\"Pr\u00e4ventionsb\u00fcro Petze\" width=\"177\" height=\"100\" \/><\/a><strong><big><span style=\"font-family: Helvetica,Arial,sans-serif;\">Pr\u00e4ventionsb\u00fcro PETZE\u00a0<\/span><\/big><\/strong><\/p>\n<p>In Tr\u00e4gerschaft des Frauennotruf Kiel e. V.<br \/>\nD\u00e4nische Stra\u00dfe 3-5<br \/>\n24103 Kiel<br \/>\nTel. (0431) 91185<br \/>\nFax (0431) 92709<br \/>\nE-Mail: <a href=\"petze.kiel@t-online.de\" target=\"_blank\">petze.kiel@t-online.de<\/a><br \/>\nInternet: <a title=\"Pr\u00e4ventionsb\u00fcro PETZE\" href=\"http:\/\/www.petze-kiel.de\/\" target=\"_blank\">www.petze-kiel.de<\/a><\/p>\n<p>Das Pr\u00e4ventionsb\u00fcro PETZE arbeitet im Bereich der Pr\u00e4vention von sexualisierter Gewalt und sexuellem Missbrauch und f\u00fcr die Verbesserung des Schutzes von M\u00e4dchen und Jungen. PETZE informiert Schulen \u00fcber das Thema \u201cSexueller Missbrauch\u201d und bildet Lehrkr\u00e4fte, Eltern und Schulleitungen aller Schularten fort. Sie entwickelt Informationsmaterialien f\u00fcr Sch\u00fcler und Sch\u00fclerinnen aller Altersstufen und macht durch Aktivit\u00e4ten wie Ausstellungen, Theaterprojekte und Tagungen immer wieder auf das Problem des sexuellen Missbrauchs aufmerksam.<\/p>\n<p>F\u00fcr Institutionen, Schulen oder professionelle Einzelpersonen bietet die PETZE des Frauennotrufs<\/p>\n<ul>\n<li>Fortbildungen und Fachsupervision<\/li>\n<li>Informationsmaterialien und Fachbibliothek<\/li>\n<li>Pr\u00e4ventions- und \u00d6ffentlichkeitsarbeit<\/li>\n<li>Schulische Pr\u00e4vention von sex. Missbrauch an M\u00e4dchen und Jungen<\/li>\n<\/ul>\n<p>&nbsp;<\/p>\n<p><a href=\"http:\/\/www.frauennotruf-kiel.de\" target=\"_blank\"><img loading=\"lazy\" decoding=\"async\" class=\"alignright size-medium wp-image-204\" title=\"Verein \u201eFrauennotruf e.V.\u201c\" src=\"https:\/\/www.verbund-frauenfacheinrichtungen-kiel.de\/wp-content\/uploads\/2011\/06\/Notruf-Logo_-Verein-300x110.jpg\" alt=\"\" width=\"300\" height=\"110\" srcset=\"https:\/\/www.verbund-frauenfacheinrichtungen-kiel.de\/wp-content\/uploads\/2011\/06\/Notruf-Logo_-Verein-300x110.jpg 300w, https:\/\/www.verbund-frauenfacheinrichtungen-kiel.de\/wp-content\/uploads\/2011\/06\/Notruf-Logo_-Verein-1024x377.jpg 1024w, https:\/\/www.verbund-frauenfacheinrichtungen-kiel.de\/wp-content\/uploads\/2011\/06\/Notruf-Logo_-Verein.jpg 1075w\" sizes=\"auto, (max-width: 300px) 100vw, 300px\" \/><\/a>Der Verein \u201eFrauennotruf e.V.\u201c ist Mitglied im:<\/p>\n<ul>\n<li>\u00a0 Bundesverband der Frauenberatungsstellen und Frauennotrufe (bff)<\/li>\n<li>\u00a0 Landesverband Frauenberatung Schleswig-Holstein (LFSH)<\/li>\n<li>\u00a0 Parit\u00e4tischer Wohlfahrtsverband Schleswig-Holstein<\/li>\n<\/ul>\n","protected":false},"excerpt":{"rendered":"<p>D\u00e4nische Str. 3-5 24103 Kiel Tel.: 0431 \/ 9 11 44 Fax: 0431 \/ 9 19 25 E-Mail: Frauennotruf.Kiel@t-online.de Internet: www.frauennotruf-kiel.de &nbsp; Das Angebot der Frauenberatungs- und Fachstelle bei sexueller Gewalt in Kiel und im Kreis Pl\u00f6n richtet sich an &hellip; <a href=\"https:\/\/www.verbund-frauenfacheinrichtungen-kiel.de\/?page_id=22\">Weiterlesen <span class=\"meta-nav\">&rarr;<\/span><\/a><\/p>\n","protected":false},"author":1,"featured_media":0,"parent":2,"menu_order":4,"comment_status":"closed","ping_status":"closed","template":"","meta":{"footnotes":""},"class_list":["post-22","page","type-page","status-publish","hentry"],"_links":{"self":[{"href":"https:\/\/www.verbund-frauenfacheinrichtungen-kiel.de\/index.php?rest_route=\/wp\/v2\/pages\/22","targetHints":{"allow":["GET"]}}],"collection":[{"href":"https:\/\/www.verbund-frauenfacheinrichtungen-kiel.de\/index.php?rest_route=\/wp\/v2\/pages"}],"about":[{"href":"https:\/\/www.verbund-frauenfacheinrichtungen-kiel.de\/index.php?rest_route=\/wp\/v2\/types\/page"}],"author":[{"embeddable":true,"href":"https:\/\/www.verbund-frauenfacheinrichtungen-kiel.de\/index.php?rest_route=\/wp\/v2\/users\/1"}],"replies":[{"embeddable":true,"href":"https:\/\/www.verbund-frauenfacheinrichtungen-kiel.de\/index.php?rest_route=%2Fwp%2Fv2%2Fcomments&post=22"}],"version-history":[{"count":27,"href":"https:\/\/www.verbund-frauenfacheinrichtungen-kiel.de\/index.php?rest_route=\/wp\/v2\/pages\/22\/revisions"}],"predecessor-version":[{"id":207,"href":"https:\/\/www.verbund-frauenfacheinrichtungen-kiel.de\/index.php?rest_route=\/wp\/v2\/pages\/22\/revisions\/207"}],"up":[{"embeddable":true,"href":"https:\/\/www.verbund-frauenfacheinrichtungen-kiel.de\/index.php?rest_route=\/wp\/v2\/pages\/2"}],"wp:attachment":[{"href":"https:\/\/www.verbund-frauenfacheinrichtungen-kiel.de\/index.php?rest_route=%2Fwp%2Fv2%2Fmedia&parent=22"}],"curies":[{"name":"wp","href":"https:\/\/api.w.org\/{rel}","templated":true}]}}