{"id":2,"date":"2011-06-15T12:06:33","date_gmt":"2011-06-15T12:06:33","guid":{"rendered":"http:\/\/www.verbund-frauenfacheinrichtungen-kiel.de\/?page_id=2"},"modified":"2011-06-16T14:52:44","modified_gmt":"2011-06-16T14:52:44","slug":"beispiel-seite","status":"publish","type":"page","link":"https:\/\/www.verbund-frauenfacheinrichtungen-kiel.de\/?page_id=2","title":{"rendered":"Einrichtungen"},"content":{"rendered":"<ul>\n<li><a title=\"Frauenberatungsstelle E\u00df-O-E\u00df\" href=\"https:\/\/www.verbund-frauenfacheinrichtungen-kiel.de\/?page_id=7\">Frauenberatungsstelle E\u00df-O-E\u00df<\/a><\/li>\n<li><a href=\"https:\/\/www.verbund-frauenfacheinrichtungen-kiel.de\/?page_id=11\">Frauenhaus und Beratungsstelle DIE LERCHE<\/a><\/li>\n<li><a href=\"https:\/\/www.verbund-frauenfacheinrichtungen-kiel.de\/?page_id=17\">Frauennetzwerk zur Arbeitssituation e.V.<\/a><\/li>\n<li><a href=\"https:\/\/www.verbund-frauenfacheinrichtungen-kiel.de\/?page_id=22\">Frauenberatungs- und Fachstelle bei sexueller Gewalt<\/a><\/li>\n<li><a title=\"Pr\u00e4ventionsb\u00fcro PETZE\" href=\"https:\/\/www.verbund-frauenfacheinrichtungen-kiel.de\/?page_id=26\">Pr\u00e4ventionsb\u00fcro PETZE<\/a><\/li>\n<li><a title=\"Petze Institut f\u00fcr Gewaltpr\u00e4vention gGmbH\" href=\"https:\/\/www.verbund-frauenfacheinrichtungen-kiel.de\/?page_id=52\">Petze Institut f\u00fcr Gewaltpr\u00e4vention gGmbH<\/a><\/li>\n<li><a title=\"IHRISS e.V. - Treffpunkt und Beratung f\u00fcr Frauen mit und ohne Psychiatrieerfahrung\" href=\"https:\/\/www.verbund-frauenfacheinrichtungen-kiel.de\/?page_id=30\">IHRISS e.V. &#8211; Treffpunkt und Beratung f\u00fcr Frauen mit und ohne Psychiatrieerfahrung<\/a><\/li>\n<li><a title=\"Autonomes M\u00e4dchenhaus Kiel \/ Lotta e.V.\" href=\"https:\/\/www.verbund-frauenfacheinrichtungen-kiel.de\/?page_id=33\">Autonomes M\u00e4dchenhaus Kiel \/ Lotta e.V.<\/a><\/li>\n<li><a title=\"Psychosoziale Frauenberatung donna klara\" href=\"https:\/\/www.verbund-frauenfacheinrichtungen-kiel.de\/?page_id=40\">Psychosoziale Frauenberatung donna klara<\/a><\/li>\n<li><a title=\"TIO - Treff und Informationsangebot f\u00fcr Migrantinnen\" href=\"https:\/\/www.verbund-frauenfacheinrichtungen-kiel.de\/?page_id=42\">TIO &#8211; Treff und Informationsangebot f\u00fcr Migrantinnen<\/a><\/li>\n<\/ul>\n","protected":false},"excerpt":{"rendered":"<p>Frauenberatungsstelle E\u00df-O-E\u00df Frauenhaus und Beratungsstelle DIE LERCHE Frauennetzwerk zur Arbeitssituation e.V. Frauenberatungs- und Fachstelle bei sexueller Gewalt Pr\u00e4ventionsb\u00fcro PETZE Petze Institut f\u00fcr Gewaltpr\u00e4vention gGmbH IHRISS e.V. &#8211; Treffpunkt und Beratung f\u00fcr Frauen mit und ohne Psychiatrieerfahrung Autonomes M\u00e4dchenhaus Kiel \/ &hellip; <a href=\"https:\/\/www.verbund-frauenfacheinrichtungen-kiel.de\/?page_id=2\">Weiterlesen <span class=\"meta-nav\">&rarr;<\/span><\/a><\/p>\n","protected":false},"author":1,"featured_media":0,"parent":0,"menu_order":0,"comment_status":"closed","ping_status":"closed","template":"","meta":{"footnotes":""},"class_list":["post-2","page","type-page","status-publish","hentry"],"_links":{"self":[{"href":"https:\/\/www.verbund-frauenfacheinrichtungen-kiel.de\/index.php?rest_route=\/wp\/v2\/pages\/2","targetHints":{"allow":["GET"]}}],"collection":[{"href":"https:\/\/www.verbund-frauenfacheinrichtungen-kiel.de\/index.php?rest_route=\/wp\/v2\/pages"}],"about":[{"href":"https:\/\/www.verbund-frauenfacheinrichtungen-kiel.de\/index.php?rest_route=\/wp\/v2\/types\/page"}],"author":[{"embeddable":true,"href":"https:\/\/www.verbund-frauenfacheinrichtungen-kiel.de\/index.php?rest_route=\/wp\/v2\/users\/1"}],"replies":[{"embeddable":true,"href":"https:\/\/www.verbund-frauenfacheinrichtungen-kiel.de\/index.php?rest_route=%2Fwp%2Fv2%2Fcomments&post=2"}],"version-history":[{"count":11,"href":"https:\/\/www.verbund-frauenfacheinrichtungen-kiel.de\/index.php?rest_route=\/wp\/v2\/pages\/2\/revisions"}],"predecessor-version":[{"id":85,"href":"https:\/\/www.verbund-frauenfacheinrichtungen-kiel.de\/index.php?rest_route=\/wp\/v2\/pages\/2\/revisions\/85"}],"wp:attachment":[{"href":"https:\/\/www.verbund-frauenfacheinrichtungen-kiel.de\/index.php?rest_route=%2Fwp%2Fv2%2Fmedia&parent=2"}],"curies":[{"name":"wp","href":"https:\/\/api.w.org\/{rel}","templated":true}]}}